{"id":2734,"date":"2016-11-30T12:27:50","date_gmt":"2016-11-30T11:27:50","guid":{"rendered":"http:\/\/www.agriturismocasafelici.it\/home\/"},"modified":"2020-11-11T11:50:15","modified_gmt":"2020-11-11T10:50:15","slug":"home","status":"publish","type":"page","link":"https:\/\/www.agriturismocasafelici.it\/de\/","title":{"rendered":"Home"},"content":{"rendered":"<div class=\"wpb-content-wrapper\"><p>[vc_row content_placement=&#8220;middle&#8220;][vc_column css_animation=&#8220;none&#8220; width=&#8220;1\/2&#8243;]\n\t<div class=\"title-subtitle-box   \" style=\" text-align: left;\">\n\t\t<h1 style=\" font-style: normal; text-transform: uppercase; font-weight: 600; letter-spacing: 10px;\" >Bauernhof<br \/>Casa F\u00e8lici<\/h1>\n\t\t<div class=\"subtitle\" style=\"\"><p>Ferien auf dem Bauernhof auf Elba<\/p>\n<\/div>\n\t<\/div> [vc_column_text]Zum Bauernhof geh\u00f6rt ein Naturpark bestehend aus einem gro\u00dfem Weinberg und einem mediteranem Garten mit Olivenhain, Obst &#8211; und Gem\u00fcsegarten, sowie einem nat\u00fcrlichem Wald, der sich hinter dem Gut erstreckt.<\/p>\n<p>In unmittelbarer N\u00e4he finden Sie Unterhaltungsm\u00f6glichkeiten und Sportangebote wie Trekking, Reiten, Tennis, Golf, Mountain biking, wundersch\u00f6ne Sand-oder Kieselstr\u00e4nde, Ausfl\u00fcge mit dem Boot, Bootsverleih, Segeln, Fischen, kulturelle und folkloristiche Veranstaltungen, M\u00e4rkte und kleine Gesch\u00e4fte, sowie viel nette Restaurants und Bars.<\/p>\n<h4>Preise pro Wohnung<\/h4>\n<ul>\n<li>Mindestens 40 \u20ac pro Nacht<\/li>\n<li>Maximal 130 \u20ac pro Nacht (August)<\/li>\n<\/ul>\n<p>[\/vc_column_text]\n\t<div class=\"gg-special-link-wrapper  special-link-align-left\"><a  class=\"gg-special-link has-right-hor-line\" href=\"\/de\/kontakte\/\" title=\"Verf\u00fcgbarkeit anfragen\" target=\"_self\">Verf\u00fcgbarkeit anfragen<\/a><\/div>[\/vc_column][vc_column css_animation=&#8220;none&#8220; width=&#8220;1\/2&#8243;][vc_single_image image=&#8220;2309&#8243; img_size=&#8220;full&#8220; add_caption=&#8220;yes&#8220; alignment=&#8220;center&#8220; css=&#8220;.vc_custom_1557485095714{margin-bottom: 0px !important;}&#8220;][\/vc_column][\/vc_row][vc_row full_width=&#8220;stretch_row&#8220; css=&#8220;.vc_custom_1475579412733{background-color: #f1f1f1 !important;}&#8220;][vc_column][vc_row_inner content_placement=&#8220;middle&#8220; css=&#8220;.vc_custom_1480161570351{background-color: #ffffff !important;}&#8220;][vc_column_inner width=&#8220;2\/3&#8243; css=&#8220;.vc_custom_1479978664583{padding: 0px !important;}&#8220;][vc_images_carousel images=&#8220;2314,2315,2316,2317,2318&#8243; img_size=&#8220;full&#8220; onclick=&#8220;link_no&#8220; hide_pagination_control=&#8220;yes&#8220; wrap=&#8220;yes&#8220; css=&#8220;.vc_custom_1557493646290{margin-bottom: 0px !important;}&#8220;][\/vc_column_inner][vc_column_inner width=&#8220;1\/3&#8243;]\n\t<div class=\"title-subtitle-box  vc_custom_1559208299401 \" style=\" text-align: left;\">\n\t\t<h4 style=\" font-style: normal; text-transform: uppercase; font-weight: 600; letter-spacing: 1px;\" >Ferienwohnungen<\/h4>\n\t\t<div class=\"subtitle\" style=\"\"><p>f\u00fcr 2\/6 Personen.<\/p>\n<\/div>\n\t<\/div> [vc_btn title=&#8220;SEE&#8220; style=&#8220;flat&#8220; shape=&#8220;square&#8220; color=&#8220;black&#8220; size=&#8220;lg&#8220; css=&#8220;.vc_custom_1559205057597{margin-right: 10% !important;margin-bottom: 10% !important;margin-left: 10% !important;}&#8220; link=&#8220;url:%2Fde%2Fferienwohnungen%2F|title:Ferienwohnungen||&#8220;][\/vc_column_inner][\/vc_row_inner][\/vc_column][\/vc_row]<\/p>\n<\/div>","protected":false},"excerpt":{"rendered":"<p>[vc_row content_placement=&#8220;middle&#8220;][vc_column css_animation=&#8220;none&#8220; width=&#8220;1\/2&#8243;][vc_column_text]Zum Bauernhof geh\u00f6rt ein Naturpark bestehend aus einem gro\u00dfem Weinberg und einem mediteranem Garten mit Olivenhain, Obst &#8211; und Gem\u00fcsegarten, sowie einem nat\u00fcrlichem Wald, der sich hinter dem Gut erstreckt. In unmittelbarer N\u00e4he finden Sie Unterhaltungsm\u00f6glichkeiten und Sportangebote wie Trekking, Reiten, Tennis, Golf, Mountain biking, wundersch\u00f6ne Sand-oder Kieselstr\u00e4nde, Ausfl\u00fcge mit dem Boot,<br class=\"read-more-spacer\"> <a class=\"more-link\" href=\"https:\/\/www.agriturismocasafelici.it\/de\/\">Read More<\/a><\/p>\n","protected":false},"author":1,"featured_media":0,"parent":0,"menu_order":0,"comment_status":"closed","ping_status":"closed","template":"","meta":{"_acf_changed":false,"footnotes":""},"class_list":["post-2734","page","type-page","status-publish","hentry"],"acf":[],"_links":{"self":[{"href":"https:\/\/www.agriturismocasafelici.it\/de\/wp-json\/wp\/v2\/pages\/2734","targetHints":{"allow":["GET"]}}],"collection":[{"href":"https:\/\/www.agriturismocasafelici.it\/de\/wp-json\/wp\/v2\/pages"}],"about":[{"href":"https:\/\/www.agriturismocasafelici.it\/de\/wp-json\/wp\/v2\/types\/page"}],"author":[{"embeddable":true,"href":"https:\/\/www.agriturismocasafelici.it\/de\/wp-json\/wp\/v2\/users\/1"}],"replies":[{"embeddable":true,"href":"https:\/\/www.agriturismocasafelici.it\/de\/wp-json\/wp\/v2\/comments?post=2734"}],"version-history":[{"count":5,"href":"https:\/\/www.agriturismocasafelici.it\/de\/wp-json\/wp\/v2\/pages\/2734\/revisions"}],"predecessor-version":[{"id":2815,"href":"https:\/\/www.agriturismocasafelici.it\/de\/wp-json\/wp\/v2\/pages\/2734\/revisions\/2815"}],"wp:attachment":[{"href":"https:\/\/www.agriturismocasafelici.it\/de\/wp-json\/wp\/v2\/media?parent=2734"}],"curies":[{"name":"wp","href":"https:\/\/api.w.org\/{rel}","templated":true}]}}